{"id":4214,"date":"2026-04-08T12:36:36","date_gmt":"2026-04-08T10:36:36","guid":{"rendered":"https:\/\/daher-avocats.com\/?page_id=4214"},"modified":"2026-04-08T12:37:04","modified_gmt":"2026-04-08T10:37:04","slug":"legal-notice","status":"publish","type":"page","link":"https:\/\/daher-avocats.com\/index.php\/en\/legal-notice\/","title":{"rendered":"Mentions l\u00e9gales-EN"},"content":{"rendered":"\t\t<div data-elementor-type=\"wp-page\" data-elementor-id=\"4214\" class=\"elementor elementor-4214\">\n\t\t\t\t<div class=\"elementor-element elementor-element-1fb6404 e-flex e-con-boxed e-con e-parent\" data-id=\"1fb6404\" data-element_type=\"container\" data-e-type=\"container\">\n\t\t\t\t\t<div class=\"e-con-inner\">\n\t\t\t\t<div class=\"elementor-element elementor-element-7b384d8 elementor-widget elementor-widget-text-editor\" data-id=\"7b384d8\" data-element_type=\"widget\" data-e-type=\"widget\" data-widget_type=\"text-editor.default\">\n\t\t\t\t\t\t\t\t\t<p><strong>Legal Notice<\/strong><\/p><p><strong>Website:<\/strong>\u00a0<a href=\"http:\/\/www.daher-avocats.com\/\">www.daher-avocats.com<\/a><\/p><p><strong>Website Publisher<\/strong><br \/>This website is published by:<\/p><p>Daher Avocats<br \/>Simplified joint-stock professional practice company (SELAS)<br \/>4 avenue Hoche<br \/>75008 Paris \u2013 France<\/p><p>Phone: +33 (0)1 86 22 34 15<\/p><p>Registration: Paris Trade and Companies Register No. 883 110 058<br \/>SIRET: 88311005800020<\/p><p>All lawyers of the firm are registered with the Paris Bar and are subject to the ethical rules of the legal profession, in particular those of the National Internal Regulations and of the Paris Bar.<\/p><p><strong>Publication Director:<\/strong><br \/>Ma\u00eetre H\u00e9l\u00e8ne Daher<\/p><p><strong>Website Hosting<\/strong><br \/>The website is hosted by:<\/p><p>OVH SAS<br \/>2 rue Kellermann<br \/>59100 Roubaix \u2013 France<\/p><p>Company registered with the Lille M\u00e9tropole Trade and Companies Register under number 424 761 419<br \/>VAT: FR 22 424 761 419<\/p><p><strong>Design and Development<\/strong><br \/>Website design and development:<br \/>Noir Ivoire, in collaboration with Simone &amp; Co and Lambert Paris.<\/p><p>Photographs:<br \/>Michael Guichard<\/p><p><strong>Intellectual Property<\/strong><br \/>All content present on the website\u00a0<a href=\"http:\/\/www.daher-avocats.com\/\">www.daher-avocats.com<\/a>, including texts, images, photographs, graphics, logos, and visual elements, is protected by intellectual property law.<\/p><p>Any reproduction, representation, modification, publication, or adaptation, in whole or in part, of the elements of the website is prohibited without the prior authorization of the Daher Avocats firm.<\/p><p><strong>Personal Data Protection<\/strong><br \/>In accordance with the French Data Protection Act and the General Data Protection Regulation (GDPR), personal information collected via the website is intended exclusively for the Daher Avocats firm.<\/p><p>Such data may be collected in particular in the context of:<\/p><p>requests for information submitted via the contact form<br \/>applications sent to the firm<\/p><p>The data collected are used solely for processing these requests and are not transferred to third parties.<\/p><p>The firm implements the necessary technical and organizational measures to ensure the security and confidentiality of personal data and to prevent any loss, alteration, or unauthorized access.<\/p><p>Users have the following rights regarding their personal data:<\/p><p>right of access<br \/>right to rectification<br \/>right to erasure<br \/>right to object<\/p><p>Any request may be sent to the Daher Avocats firm using the contact details mentioned above.<\/p><p><strong>Liability<\/strong><br \/>The Daher Avocats firm strives to ensure the accuracy and updating of the information published on the website.<\/p><p>However, it cannot guarantee the accuracy, precision, or completeness of the information provided.<\/p><p>The firm shall not be held liable for any direct or indirect damage resulting from access to or use of the website.<\/p><p><strong>Hyperlinks<\/strong><br \/>The website may contain links to external websites.<\/p><p>The Daher Avocats firm cannot be held responsible for the content of these third-party websites.<\/p><p><strong>Governing Law<\/strong><br \/>The website and its content are governed by French law.<\/p><p>Any dispute relating to the use of the website falls under the jurisdiction of the French courts.<\/p><p>\u00a0<\/p>\t\t\t\t\t\t\t\t<\/div>\n\t\t\t\t\t<\/div>\n\t\t\t\t<\/div>\n\t\t\t\t<\/div>\n\t\t","protected":false},"excerpt":{"rendered":"<p>Legal Notice Website:\u00a0www.daher-avocats.com Website PublisherThis website is published by: Daher AvocatsSimplified joint-stock professional practice company (SELAS)4 avenue Hoche75008 Paris \u2013 France Phone: +33 (0)1 86 22 34 15 Registration: Paris Trade and Companies Register No. 883 110 058SIRET: 88311005800020 All lawyers of the firm are registered with the Paris Bar and are subject to the [&hellip;]<\/p>\n","protected":false},"author":1,"featured_media":0,"parent":0,"menu_order":0,"comment_status":"closed","ping_status":"closed","template":"","meta":{"ocean_post_layout":"full-screen","ocean_both_sidebars_style":"","ocean_both_sidebars_content_width":0,"ocean_both_sidebars_sidebars_width":0,"ocean_sidebar":"","ocean_second_sidebar":"","ocean_disable_margins":"on","ocean_add_body_class":"","ocean_shortcode_before_top_bar":"","ocean_shortcode_after_top_bar":"","ocean_shortcode_before_header":"","ocean_shortcode_after_header":"","ocean_has_shortcode":"","ocean_shortcode_after_title":"","ocean_shortcode_before_footer_widgets":"","ocean_shortcode_after_footer_widgets":"","ocean_shortcode_before_footer_bottom":"","ocean_shortcode_after_footer_bottom":"","ocean_display_top_bar":"off","ocean_display_header":"off","ocean_header_style":"","ocean_center_header_left_menu":"","ocean_custom_header_template":"","ocean_custom_logo":0,"ocean_custom_retina_logo":0,"ocean_custom_logo_max_width":0,"ocean_custom_logo_tablet_max_width":0,"ocean_custom_logo_mobile_max_width":0,"ocean_custom_logo_max_height":0,"ocean_custom_logo_tablet_max_height":0,"ocean_custom_logo_mobile_max_height":0,"ocean_header_custom_menu":"","ocean_menu_typo_font_family":"","ocean_menu_typo_font_subset":"","ocean_menu_typo_font_size":0,"ocean_menu_typo_font_size_tablet":0,"ocean_menu_typo_font_size_mobile":0,"ocean_menu_typo_font_size_unit":"px","ocean_menu_typo_font_weight":"","ocean_menu_typo_font_weight_tablet":"","ocean_menu_typo_font_weight_mobile":"","ocean_menu_typo_transform":"","ocean_menu_typo_transform_tablet":"","ocean_menu_typo_transform_mobile":"","ocean_menu_typo_line_height":0,"ocean_menu_typo_line_height_tablet":0,"ocean_menu_typo_line_height_mobile":0,"ocean_menu_typo_line_height_unit":"","ocean_menu_typo_spacing":0,"ocean_menu_typo_spacing_tablet":0,"ocean_menu_typo_spacing_mobile":0,"ocean_menu_typo_spacing_unit":"","ocean_menu_link_color":"","ocean_menu_link_color_hover":"","ocean_menu_link_color_active":"","ocean_menu_link_background":"","ocean_menu_link_hover_background":"","ocean_menu_link_active_background":"","ocean_menu_social_links_bg":"","ocean_menu_social_hover_links_bg":"","ocean_menu_social_links_color":"","ocean_menu_social_hover_links_color":"","ocean_disable_title":"on","ocean_disable_heading":"default","ocean_post_title":"","ocean_post_subheading":"","ocean_post_title_style":"","ocean_post_title_background_color":"","ocean_post_title_background":0,"ocean_post_title_bg_image_position":"","ocean_post_title_bg_image_attachment":"","ocean_post_title_bg_image_repeat":"","ocean_post_title_bg_image_size":"","ocean_post_title_height":0,"ocean_post_title_bg_overlay":0.5,"ocean_post_title_bg_overlay_color":"","ocean_disable_breadcrumbs":"off","ocean_breadcrumbs_color":"","ocean_breadcrumbs_separator_color":"","ocean_breadcrumbs_links_color":"","ocean_breadcrumbs_links_hover_color":"","ocean_display_footer_widgets":"off","ocean_display_footer_bottom":"off","ocean_custom_footer_template":"","footnotes":""},"class_list":["post-4214","page","type-page","status-publish","hentry","entry"],"_links":{"self":[{"href":"https:\/\/daher-avocats.com\/index.php\/wp-json\/wp\/v2\/pages\/4214","targetHints":{"allow":["GET"]}}],"collection":[{"href":"https:\/\/daher-avocats.com\/index.php\/wp-json\/wp\/v2\/pages"}],"about":[{"href":"https:\/\/daher-avocats.com\/index.php\/wp-json\/wp\/v2\/types\/page"}],"author":[{"embeddable":true,"href":"https:\/\/daher-avocats.com\/index.php\/wp-json\/wp\/v2\/users\/1"}],"replies":[{"embeddable":true,"href":"https:\/\/daher-avocats.com\/index.php\/wp-json\/wp\/v2\/comments?post=4214"}],"version-history":[{"count":4,"href":"https:\/\/daher-avocats.com\/index.php\/wp-json\/wp\/v2\/pages\/4214\/revisions"}],"predecessor-version":[{"id":4218,"href":"https:\/\/daher-avocats.com\/index.php\/wp-json\/wp\/v2\/pages\/4214\/revisions\/4218"}],"wp:attachment":[{"href":"https:\/\/daher-avocats.com\/index.php\/wp-json\/wp\/v2\/media?parent=4214"}],"curies":[{"name":"wp","href":"https:\/\/api.w.org\/{rel}","templated":true}]}}